{"id":14,"date":"2025-10-24T15:55:30","date_gmt":"2025-10-24T15:55:30","guid":{"rendered":"https:\/\/tomaszlejawa.pl\/?page_id=14"},"modified":"2025-10-24T16:02:47","modified_gmt":"2025-10-24T16:02:47","slug":"kancelaria-radcy-prawnego-tomasz-lejawa","status":"publish","type":"page","link":"https:\/\/tomaszlejawa.pl\/","title":{"rendered":"Kancelaria Radcy Prawnego &#8211; Tomasz Lejawa"},"content":{"rendered":"\n<div class=\"wp-block-nk-awb nk-awb landing\"><div class=\"nk-awb-wrap\" data-awb-type=\"color\"><div class=\"nk-awb-overlay\" style=\"background: var(--theme-palette-color-3, #3A4F66);\"><\/div><\/div><div class=\"nk-awb-wrap-content is-layout-constrained wp-block-nk-awb-is-layout-constrained\">\n<figure class=\"wp-block-image size-large landing-float\"><img loading=\"lazy\" decoding=\"async\" width=\"1023\" height=\"953\" src=\"http:\/\/tomaszlejawa.pl\/content\/uploads\/2025\/10\/lejawa-radca-prawny-prezentacja-logo.svg\" alt=\"\" class=\"wp-image-18\"\/><\/figure>\n\n\n\n<div class=\"wp-block-group is-layout-constrained wp-block-group-is-layout-constrained\">\n<div style=\"height:100px\" aria-hidden=\"true\" class=\"wp-block-spacer\"><\/div>\n\n\n\n<figure class=\"wp-block-image size-large\" style=\"margin-top:var(--wp--preset--spacing--30);margin-bottom:var(--wp--preset--spacing--30)\"><img loading=\"lazy\" decoding=\"async\" width=\"282\" height=\"62\" src=\"http:\/\/tomaszlejawa.pl\/content\/uploads\/2025\/10\/logo.svg\" alt=\"\" class=\"wp-image-19\"\/><\/figure>\n\n\n\n<h1 class=\"wp-block-heading has-palette-color-8-color has-text-color has-link-color wp-elements-f82882b852d070bc66b370530220b592\" id=\"strona-w-trakcie-przygotowania\" style=\"margin-top:var(--wp--preset--spacing--40);margin-bottom:var(--wp--preset--spacing--40)\">STRONA W TRAKCIE <br>PRZYGOTOWANIA<\/h1>\n\n\n\n<div class=\"wp-block-greenshift-blocks-iconlist gspb_iconsList gspb_iconsList-id-gsbp-9c75096\" id=\"gspb_iconsList-id-gsbp-9c75096\"><div class=\"gspb_iconsList__item\" data-id=\"0\"><a class=\"gspb_iconsList__link\" href=\"https:\/\/maps.app.goo.gl\/9tWnSQCs663Qdbpo9\" target=\"_blank\" rel=\"noopener\"><\/a><svg xmlns=\"http:\/\/www.w3.org\/2000\/svg\" style=\"width:5rem;height:5rem;margin:10px\" width=\"24\" height=\"24\" viewBox=\"0 0 24 24\">\n  <path id=\"Path_19\" dataname=\"Path 19\" d=\"M12,5.531A5.124,5.124,0,0,0,8.255,7.1a4.3,4.3,0,0,0-1.168,3.3c.178,2.714,1.429,4.739,4.912,7.873,3.482-3.134,4.733-5.159,4.912-7.873a4.3,4.3,0,0,0-1.168-3.3A5.124,5.124,0,0,0,12,5.531Zm0,7.094a2.289,2.289,0,1,1,2.289-2.289A2.291,2.291,0,0,1,12,12.625ZM12,0A12,12,0,1,0,24,12,12.014,12.014,0,0,0,12,0Zm6.034,10.479a9.084,9.084,0,0,1-1.567,4.581,23.136,23.136,0,0,1-4.095,4.393.563.563,0,0,1-.745,0A23.137,23.137,0,0,1,7.532,15.06a9.083,9.083,0,0,1-1.567-4.581A5.476,5.476,0,0,1,7.434,6.332a6.373,6.373,0,0,1,9.13,0,5.476,5.476,0,0,1,1.469,4.146Zm-4.87-.142A1.164,1.164,0,1,1,12,9.172,1.165,1.165,0,0,1,13.163,10.336Z\" transform=\"translate(0.001)\" fill=\"#8b96b3\"><\/path><\/svg><span class=\"gspb_iconsList__item__text\">40-668 Katowice, <strong>ul. Ba\u017cant\u00f3w 35 (2 pi\u0119tro)<\/strong> <\/span><\/div><div class=\"gspb_iconsList__item\" data-id=\"1\"><a class=\"gspb_iconsList__link\" href=\"tel:+48794506333\" rel=\"noopener\"><\/a><svg xmlns=\"http:\/\/www.w3.org\/2000\/svg\" style=\"width:5rem;height:5rem;margin:10px\" width=\"24\" height=\"24\" viewBox=\"0 0 24 24\">\n  <path id=\"Path_2\" dataname=\"Path 2\" d=\"M14.512,14.006,17.366,15.4l-2.458,2.458A10.175,10.175,0,0,1,6.257,8.736L8.482,6.511,9.871,9.365l-.842.842a.562.562,0,0,0-.092.674A11.533,11.533,0,0,0,12.9,15a.562.562,0,0,0,.694-.081ZM24,12A12,12,0,1,1,12,0,12.014,12.014,0,0,1,24,12Zm-5.123,3.141a.562.562,0,0,0-.309-.413l-3.925-1.909a.563.563,0,0,0-.644.108l-.879.879a10.412,10.412,0,0,1-2.988-3.112l.817-.817a.563.563,0,0,0,.108-.644L9.148,5.309a.563.563,0,0,0-.9-.152L5.28,8.122a.563.563,0,0,0-.164.43A11.339,11.339,0,0,0,15.049,19a.557.557,0,0,0,.063,0,.562.562,0,0,0,.4-.165l3.211-3.211a.563.563,0,0,0,.157-.491Z\" fill=\"#8b96b3\"><\/path><\/svg><span class=\"gspb_iconsList__item__text\">+48 794 506 333<\/span><\/div><div class=\"gspb_iconsList__item\" data-id=\"2\"><a class=\"gspb_iconsList__link\" href=\"mailto:biuro@tomaszlejawa.pl\" rel=\"noopener\"><\/a><svg xmlns=\"http:\/\/www.w3.org\/2000\/svg\" style=\"width:5rem;height:5rem;margin:10px\" width=\"24\" height=\"24\" viewBox=\"0 0 24 24\">\n  <path id=\"Path_3\" dataname=\"Path 3\" d=\"M12,0A12,12,0,1,0,24,12,12.014,12.014,0,0,0,12,0Zm7.008,16.418a.563.563,0,0,1-.562.563H5.555a.563.563,0,0,1-.562-.562V7.582a.563.563,0,0,1,.563-.562H18.445a.563.563,0,0,1,.563.563ZM12,11.318,7.37,8.144h9.26Zm.318,1.146,5.565-3.815v7.207H6.117V8.649l5.565,3.815a.562.562,0,0,0,.636,0Z\" fill=\"#8b96b3\"><\/path><\/svg><span class=\"gspb_iconsList__item__text\">biuro@tomaszlejawa.pl<\/span><\/div><\/div>\n\n\n\n<div style=\"height:100px\" aria-hidden=\"true\" class=\"wp-block-spacer\"><\/div>\n<\/div>\n<\/div><\/div>\n","protected":false},"excerpt":{"rendered":"","protected":false},"author":2,"featured_media":0,"parent":0,"menu_order":0,"comment_status":"closed","ping_status":"closed","template":"","meta":{"_gspb_post_css":"#gspb_iconsList-id-gsbp-9c75096.gspb_iconsList .gspb_iconsList__item__text{margin-left:15px}#gspb_iconsList-id-gsbp-9c75096.gspb_iconsList .gspb_iconsList__item{display:flex;flex-direction:row;align-items:center;position:relative;color:var(--wp--preset--color--palette-color-8, var(--theme-palette-color-8, #ffffff))}#gspb_iconsList-id-gsbp-9c75096.gspb_iconsList{display:flex;justify-content:flex-start;display:inline-flex;flex-direction:column}#gspb_iconsList-id-gsbp-9c75096.gspb_iconsList .gspb_iconsList__item svg path{fill:var(--theme-link-initial-color, #2184f9)!important}body #gspb_iconsList-id-gsbp-9c75096.gspb_iconsList .gspb_iconsList__item img,body #gspb_iconsList-id-gsbp-9c75096.gspb_iconsList .gspb_iconsList__item svg{margin:0!important}#gspb_iconsList-id-gsbp-9c75096.gspb_iconsList [data-id='0'] svg{height:1.5rem!important;width:1.5rem!important;min-width:1.5rem!important;fill:var(--wp--preset--color--palette-color-1, var(--theme-palette-color-1, #2872fa))!important;margin:0!important}#gspb_iconsList-id-gsbp-9c75096.gspb_iconsList [data-id='0'] svg:hover,#gspb_iconsList-id-gsbp-9c75096.gspb_iconsList [data-id='0'] svg:hover path,#gspb_iconsList-id-gsbp-9c75096.gspb_iconsList [data-id='1'] svg:hover,#gspb_iconsList-id-gsbp-9c75096.gspb_iconsList [data-id='1'] svg:hover path,#gspb_iconsList-id-gsbp-9c75096.gspb_iconsList [data-id='2'] svg:hover,#gspb_iconsList-id-gsbp-9c75096.gspb_iconsList [data-id='2'] svg:hover path{fill:var(--wp--preset--color--palette-color-2, var(--theme-palette-color-2, #1559ed))!important}#gspb_iconsList-id-gsbp-9c75096.gspb_iconsList [data-id='0'] svg path,#gspb_iconsList-id-gsbp-9c75096.gspb_iconsList [data-id='1'] svg{fill:var(--wp--preset--color--palette-color-1, var(--theme-palette-color-1, #2872fa))!important}#gspb_iconsList-id-gsbp-9c75096.gspb_iconsList [data-id='1'] svg,#gspb_iconsList-id-gsbp-9c75096.gspb_iconsList [data-id='2'] svg{height:1.5rem!important;width:1.5rem!important;min-width:1.5rem!important;margin:0!important}#gspb_iconsList-id-gsbp-9c75096.gspb_iconsList [data-id='1'] svg path,#gspb_iconsList-id-gsbp-9c75096.gspb_iconsList [data-id='2'] svg,#gspb_iconsList-id-gsbp-9c75096.gspb_iconsList [data-id='2'] svg path{fill:var(--wp--preset--color--palette-color-1, var(--theme-palette-color-1, #2872fa))!important}#gspb_iconsList-id-gsbp-9c75096.gspb_iconsList .gspb_iconsList__link{position:absolute;top:0;left:0;right:0;bottom:0;z-index:1}","inline_featured_image":false,"footnotes":""},"class_list":["post-14","page","type-page","status-publish","hentry"],"blocksy_meta":[],"_links":{"self":[{"href":"https:\/\/tomaszlejawa.pl\/index.php\/wp-json\/wp\/v2\/pages\/14","targetHints":{"allow":["GET"]}}],"collection":[{"href":"https:\/\/tomaszlejawa.pl\/index.php\/wp-json\/wp\/v2\/pages"}],"about":[{"href":"https:\/\/tomaszlejawa.pl\/index.php\/wp-json\/wp\/v2\/types\/page"}],"author":[{"embeddable":true,"href":"https:\/\/tomaszlejawa.pl\/index.php\/wp-json\/wp\/v2\/users\/2"}],"replies":[{"embeddable":true,"href":"https:\/\/tomaszlejawa.pl\/index.php\/wp-json\/wp\/v2\/comments?post=14"}],"version-history":[{"count":4,"href":"https:\/\/tomaszlejawa.pl\/index.php\/wp-json\/wp\/v2\/pages\/14\/revisions"}],"predecessor-version":[{"id":28,"href":"https:\/\/tomaszlejawa.pl\/index.php\/wp-json\/wp\/v2\/pages\/14\/revisions\/28"}],"wp:attachment":[{"href":"https:\/\/tomaszlejawa.pl\/index.php\/wp-json\/wp\/v2\/media?parent=14"}],"curies":[{"name":"wp","href":"https:\/\/api.w.org\/{rel}","templated":true}]}}